{"id":22100,"date":"2022-11-23T15:36:33","date_gmt":"2022-11-23T14:36:33","guid":{"rendered":"https:\/\/wismeyer.at\/wordpress\/?page_id=22100"},"modified":"2022-11-30T14:51:31","modified_gmt":"2022-11-30T13:51:31","slug":"contact-2-2","status":"publish","type":"page","link":"https:\/\/wismeyer.at\/wordpress\/contact-2-2\/","title":{"rendered":"Impressum"},"content":{"rendered":"\t\t<div data-elementor-type=\"wp-page\" data-elementor-id=\"22100\" class=\"elementor elementor-22100\">\n\t\t\t\t\t\t\t\t\t<section class=\"elementor-section elementor-top-section elementor-element elementor-element-46e7510 elementor-section-boxed elementor-section-height-default elementor-section-height-default\" data-id=\"46e7510\" data-element_type=\"section\" data-settings=\"{&quot;_ha_eqh_enable&quot;:false}\">\n\t\t\t\t\t\t<div class=\"elementor-container elementor-column-gap-default\">\n\t\t\t\t\t<div class=\"elementor-column elementor-col-100 elementor-top-column elementor-element elementor-element-4ff9599\" data-id=\"4ff9599\" data-element_type=\"column\">\n\t\t\t<div class=\"elementor-widget-wrap elementor-element-populated\">\n\t\t\t\t\t\t\t\t<div class=\"elementor-element elementor-element-d1beaf2 elementor-widget elementor-widget-heading\" data-id=\"d1beaf2\" data-element_type=\"widget\" data-widget_type=\"heading.default\">\n\t\t\t\t<div class=\"elementor-widget-container\">\n\t\t\t<style>\/*! elementor - v3.8.1 - 13-11-2022 *\/\n.elementor-heading-title{padding:0;margin:0;line-height:1}.elementor-widget-heading .elementor-heading-title[class*=elementor-size-]>a{color:inherit;font-size:inherit;line-height:inherit}.elementor-widget-heading .elementor-heading-title.elementor-size-small{font-size:15px}.elementor-widget-heading .elementor-heading-title.elementor-size-medium{font-size:19px}.elementor-widget-heading .elementor-heading-title.elementor-size-large{font-size:29px}.elementor-widget-heading .elementor-heading-title.elementor-size-xl{font-size:39px}.elementor-widget-heading .elementor-heading-title.elementor-size-xxl{font-size:59px}<\/style><h2 class=\"elementor-heading-title elementor-size-default\">Impressum<\/h2>\t\t<\/div>\n\t\t\t\t<\/div>\n\t\t\t\t<div class=\"elementor-element elementor-element-03aec80 elementor-widget elementor-widget-spacer\" data-id=\"03aec80\" data-element_type=\"widget\" data-widget_type=\"spacer.default\">\n\t\t\t\t<div class=\"elementor-widget-container\">\n\t\t\t<style>\/*! elementor - v3.8.1 - 13-11-2022 *\/\n.elementor-column .elementor-spacer-inner{height:var(--spacer-size)}.e-con{--container-widget-width:100%}.e-con-inner>.elementor-widget-spacer,.e-con>.elementor-widget-spacer{width:var(--container-widget-width,var(--spacer-size));-ms-flex-item-align:stretch;align-self:stretch;-ms-flex-negative:0;flex-shrink:0}.e-con-inner>.elementor-widget-spacer>.elementor-widget-container,.e-con-inner>.elementor-widget-spacer>.elementor-widget-container>.elementor-spacer,.e-con>.elementor-widget-spacer>.elementor-widget-container,.e-con>.elementor-widget-spacer>.elementor-widget-container>.elementor-spacer{height:100%}.e-con-inner>.elementor-widget-spacer>.elementor-widget-container>.elementor-spacer>.elementor-spacer-inner,.e-con>.elementor-widget-spacer>.elementor-widget-container>.elementor-spacer>.elementor-spacer-inner{height:var(--container-widget-height,var(--spacer-size))}<\/style>\t\t<div class=\"elementor-spacer\">\n\t\t\t<div class=\"elementor-spacer-inner\"><\/div>\n\t\t<\/div>\n\t\t\t\t<\/div>\n\t\t\t\t<\/div>\n\t\t\t\t<div class=\"elementor-element elementor-element-31d4794 elementor-widget elementor-widget-text-editor\" data-id=\"31d4794\" data-element_type=\"widget\" data-widget_type=\"text-editor.default\">\n\t\t\t\t<div class=\"elementor-widget-container\">\n\t\t\t<style>\/*! elementor - v3.8.1 - 13-11-2022 *\/\n.elementor-widget-text-editor.elementor-drop-cap-view-stacked .elementor-drop-cap{background-color:#818a91;color:#fff}.elementor-widget-text-editor.elementor-drop-cap-view-framed .elementor-drop-cap{color:#818a91;border:3px solid;background-color:transparent}.elementor-widget-text-editor:not(.elementor-drop-cap-view-default) .elementor-drop-cap{margin-top:8px}.elementor-widget-text-editor:not(.elementor-drop-cap-view-default) .elementor-drop-cap-letter{width:1em;height:1em}.elementor-widget-text-editor .elementor-drop-cap{float:left;text-align:center;line-height:1;font-size:50px}.elementor-widget-text-editor .elementor-drop-cap-letter{display:inline-block}<\/style>\t\t\t\t<p>Wismeyer Immobilien Ges.m.b.H<br \/>Weinzingergasse 8\/1<br \/>1190 Wien<\/p><p><strong>Unternehmensgegenstand:<\/strong> Immobilienverwaltung<br \/><strong>UID-Nummer:<\/strong> ATU 36970701<br \/><strong>Firmenbuchnummer:<\/strong> FN 36.834v<br \/><strong>Firmenbuchgericht:<\/strong> HG Wien<br \/><strong>Firmensitz:<\/strong> Wien<br \/><b>Gewerbeordnung:<\/b> www.ris.bka.gv.at<\/p><p>Mitglied der WK\u00d6<\/p><p>Tel: +43 1 320 92 69<br \/>Fax: +43 1 320 92 69 62<\/p><p><strong>EU-Streitschlichtung<\/strong><\/p><p>Angaben zur Online-Streitbeilegung: Verbraucher haben die<br \/>M\u00f6glichkeit, Beschwerden an die OnlineStreitbeilegungsplattform der EU<br \/>zu richten:\u00a0<a href=\"https:\/\/ec.europa.eu\/consumers\/odr\/main\/index.cfm?event=main.home2.show&amp;lng=DE\" target=\"_top\" rel=\"nofollow\">https:\/\/ec.europa.eu\/consumers\/odr\/main\/index.cfm?event=main.home2.show&amp;lng=DE<\/a>.<\/p><p><strong>Haftung f\u00fcr Inhalte dieser Webseite<\/strong><\/p><p>Wir entwickeln die Inhalte dieser Webseite st\u00e4ndig weiter und bem\u00fchen uns korrekte und aktuelle Informationen bereitzustellen. Leider k\u00f6nnen wir keine Haftung f\u00fcr die Korrektheit aller Inhalte auf dieser Webseite \u00fcbernehmen, speziell f\u00fcr jene die seitens Dritter bereitgestellt wird. Sollten Ihnen problematische oder rechtswidrige Inhalte auffallen, bitte wir Sie uns umgehend zu kontaktieren, Sie finden die Kontaktdaten im Impressum.<\/p><p><strong>Haftung f\u00fcr Links auf dieser Webseite<\/strong><\/p><p>Unsere Webseite enth\u00e4lt Links zu anderen Webseiten f\u00fcr deren Inhalt wir nicht verantwortlich sind. Wenn Ihnen rechtswidrige Links auf unserer Webseite auffallen, bitte wir Sie uns zu kontaktieren, Sie finden die Kontaktdaten im Impressum.<\/p><p><strong>Urheberrechtshinweis<\/strong><\/p><p>Alle Inhalte dieser Webseite (Bilder, Fotos, Texte, Videos) unterliegen dem Urheberrecht. Falls notwendig, werden wir die unerlaubte Nutzung von Teilen der Inhalte unserer Seite rechtlich verfolgen.<\/p><p><strong>Quellenangaben f\u00fcr die verwendeten Bilder und Grafiken<\/strong><\/p><p>Privat, Wismeyer Immobilien Ges.m.b.H<\/p>\t\t\t\t\t\t<\/div>\n\t\t\t\t<\/div>\n\t\t\t\t\t<\/div>\n\t\t<\/div>\n\t\t\t\t\t\t\t<\/div>\n\t\t<\/section>\n\t\t\t\t\t\t\t<\/div>\n\t\t","protected":false},"excerpt":{"rendered":"<p>Impressum Wismeyer Immobilien Ges.m.b.HWeinzingergasse 8\/11190 Wien Unternehmensgegenstand: ImmobilienverwaltungUID-Nummer: ATU 36970701Firmenbuchnummer: FN 36.834vFirmenbuchgericht: HG WienFirmensitz: WienGewerbeordnung: www.ris.bka.gv.at Mitglied der WK\u00d6 Tel: +43 1 320 92 69Fax: +43 1 320 92 69 62 EU-Streitschlichtung Angaben zur Online-Streitbeilegung: Verbraucher haben dieM\u00f6glichkeit, Beschwerden an die OnlineStreitbeilegungsplattform der EUzu richten:\u00a0https:\/\/ec.europa.eu\/consumers\/odr\/main\/index.cfm?event=main.home2.show&amp;lng=DE. Haftung f\u00fcr Inhalte dieser Webseite Wir entwickeln die Inhalte dieser Webseite st\u00e4ndig weiter und bem\u00fchen uns korrekte und aktuelle &#8230;<\/p>\n","protected":false},"author":1,"featured_media":0,"parent":0,"menu_order":0,"comment_status":"closed","ping_status":"closed","template":"page_property_design.php","meta":{"inline_featured_image":false,"_themeisle_gutenberg_block_has_review":false},"_links":{"self":[{"href":"https:\/\/wismeyer.at\/wordpress\/wp-json\/wp\/v2\/pages\/22100"}],"collection":[{"href":"https:\/\/wismeyer.at\/wordpress\/wp-json\/wp\/v2\/pages"}],"about":[{"href":"https:\/\/wismeyer.at\/wordpress\/wp-json\/wp\/v2\/types\/page"}],"author":[{"embeddable":true,"href":"https:\/\/wismeyer.at\/wordpress\/wp-json\/wp\/v2\/users\/1"}],"replies":[{"embeddable":true,"href":"https:\/\/wismeyer.at\/wordpress\/wp-json\/wp\/v2\/comments?post=22100"}],"version-history":[{"count":7,"href":"https:\/\/wismeyer.at\/wordpress\/wp-json\/wp\/v2\/pages\/22100\/revisions"}],"predecessor-version":[{"id":22153,"href":"https:\/\/wismeyer.at\/wordpress\/wp-json\/wp\/v2\/pages\/22100\/revisions\/22153"}],"wp:attachment":[{"href":"https:\/\/wismeyer.at\/wordpress\/wp-json\/wp\/v2\/media?parent=22100"}],"curies":[{"name":"wp","href":"https:\/\/api.w.org\/{rel}","templated":true}]}}