{"id":21741,"date":"2022-11-15T15:21:11","date_gmt":"2022-11-15T14:21:11","guid":{"rendered":"http:\/\/wismeyer.at\/wordpress\/?page_id=21741"},"modified":"2025-03-20T10:50:23","modified_gmt":"2025-03-20T09:50:23","slug":"contact","status":"publish","type":"page","link":"https:\/\/wismeyer.at\/wordpress\/contact\/","title":{"rendered":"Kontakt"},"content":{"rendered":"<style>\/*! elementor - v3.8.1 - 13-11-2022 *\/<br \/>\n.elementor-heading-title{padding:0;margin:0;line-height:1}.elementor-widget-heading .elementor-heading-title[class*=elementor-size-]>a{color:inherit;font-size:inherit;line-height:inherit}.elementor-widget-heading .elementor-heading-title.elementor-size-small{font-size:15px}.elementor-widget-heading .elementor-heading-title.elementor-size-medium{font-size:19px}.elementor-widget-heading .elementor-heading-title.elementor-size-large{font-size:29px}.elementor-widget-heading .elementor-heading-title.elementor-size-xl{font-size:39px}.elementor-widget-heading .elementor-heading-title.elementor-size-xxl{font-size:59px}<\/style>\n<h2>Wismeyer Immobilien<\/h2>\n<p>Weinzingergasse 8\/1 ,1190 Wien<\/p>\n<p>E-Mail: office@wismeyer.at<\/p>\n<p>Telefon: 01 320 92 69<\/p>\n<p>Mobil (bei Besichtigungen): 0660 907 40 28<\/p>\n<p>\u00d6ffnungszeiten:<\/p>\n<p><strong>Mo &#8211; Do: 8:00 &#8211; 16:00\u00a0 und <\/strong><strong>Fr: 8:00 &#8211; 13:00<\/strong><\/p>\n<style>\/*! elementor - v3.8.1 - 13-11-2022 *\/<br \/>\n.elementor-widget-image{text-align:center}.elementor-widget-image a{display:inline-block}.elementor-widget-image a img[src$=\".svg\"]{width:48px}.elementor-widget-image img{vertical-align:middle;display:inline-block}<\/style>\n<p><img decoding=\"async\" loading=\"lazy\" src=\"https:\/\/wismeyer.at\/wordpress\/wp-content\/uploads\/2022\/11\/WPS-Logo.jpg\" sizes=\"(max-width: 356px) 100vw, 356px\" srcset=\"https:\/\/wismeyer.at\/wordpress\/wp-content\/uploads\/2022\/11\/WPS-Logo.jpg 356w, https:\/\/wismeyer.at\/wordpress\/wp-content\/uploads\/2022\/11\/WPS-Logo-300x107.jpg 300w\" alt=\"\" width=\"356\" height=\"127\" \/><\/p>\n<p>Ein pers\u00f6nlicher Termin in unserem B\u00fcro ist nur nach vorheriger Terminvereinbarung m\u00f6glich!<\/p>\n<style>\/*! elementor - v3.8.1 - 13-11-2022 *\/<br \/>\n.elementor-column .elementor-spacer-inner{height:var(--spacer-size)}.e-con{--container-widget-width:100%}.e-con-inner>.elementor-widget-spacer,.e-con>.elementor-widget-spacer{width:var(--container-widget-width,var(--spacer-size));-ms-flex-item-align:stretch;align-self:stretch;-ms-flex-negative:0;flex-shrink:0}.e-con-inner>.elementor-widget-spacer>.elementor-widget-container,.e-con-inner>.elementor-widget-spacer>.elementor-widget-container>.elementor-spacer,.e-con>.elementor-widget-spacer>.elementor-widget-container,.e-con>.elementor-widget-spacer>.elementor-widget-container>.elementor-spacer{height:100%}.e-con-inner>.elementor-widget-spacer>.elementor-widget-container>.elementor-spacer>.elementor-spacer-inner,.e-con>.elementor-widget-spacer>.elementor-widget-container>.elementor-spacer>.elementor-spacer-inner{height:var(--container-widget-height,var(--spacer-size))}<\/style>\n<h2>Kontaktieren Sie uns!<\/h2>\n<p>Ihre Fragen und Anliegen werden so schnell wie m\u00f6glich beantwortet.<\/p>\n<p role=\"status\" aria-live=\"polite\" aria-atomic=\"true\">\n<form action=\"\/wordpress\/wp-admin\/admin-ajax.php#wpcf7-f21756-o1\" method=\"post\" novalidate=\"novalidate\" data-status=\"init\"><input name=\"_wpcf7\" type=\"hidden\" value=\"21756\" \/><br \/>\n<input name=\"_wpcf7_version\" type=\"hidden\" value=\"5.6.4\" \/><br \/>\n<input name=\"_wpcf7_locale\" type=\"hidden\" value=\"de_DE_formal\" \/><br \/>\n<input name=\"_wpcf7_unit_tag\" type=\"hidden\" value=\"wpcf7-f21756-o1\" \/><br \/>\n<input name=\"_wpcf7_container_post\" type=\"hidden\" value=\"0\" \/><br \/>\n<input name=\"_wpcf7_posted_data_hash\" type=\"hidden\" value=\"\" \/><\/p>\n<p><label> Name*<br \/>\n<input name=\"your-name\" size=\"40\" type=\"text\" value=\"\" aria-required=\"true\" aria-invalid=\"false\" \/> <\/label><\/p>\n<p><label> Haus und Topnummer f\u00fcr Mieter*innen<br \/>\n<input name=\"address\" size=\"40\" type=\"text\" value=\"\" aria-invalid=\"false\" \/> <\/label><\/p>\n<p><label> E-Mail-Adresse*<br \/>\n<input name=\"e-mail\" size=\"40\" type=\"email\" value=\"\" aria-required=\"true\" aria-invalid=\"false\" \/> <\/label><\/p>\n<p><label> Telefonnummer<br \/>\n<input name=\"phone\" size=\"40\" type=\"text\" value=\"\" aria-invalid=\"false\" \/> <\/label><\/p>\n<p><label> Betreff*<br \/>\n<input name=\"your-subject\" size=\"40\" type=\"text\" value=\"\" aria-required=\"true\" aria-invalid=\"false\" \/> <\/label><\/p>\n<p><label> Ihre Nachricht<br \/>\n<textarea cols=\"40\" name=\"your-message\" rows=\"10\" aria-required=\"true\" aria-invalid=\"false\"><\/textarea> <\/label><\/p>\n<p><input type=\"submit\" value=\"Senden\" \/><\/p>\n<\/form>\n<h2>Unser Team<\/h2>\n<style>\/*! elementor - v3.8.1 - 13-11-2022 *\/<br \/>\n.elementor-widget-image-box .elementor-image-box-content{width:100%}@media (min-width:768px){.elementor-widget-image-box.elementor-position-left .elementor-image-box-wrapper,.elementor-widget-image-box.elementor-position-right .elementor-image-box-wrapper{display:-webkit-box;display:-ms-flexbox;display:flex}.elementor-widget-image-box.elementor-position-right .elementor-image-box-wrapper{text-align:right;-webkit-box-orient:horizontal;-webkit-box-direction:reverse;-ms-flex-direction:row-reverse;flex-direction:row-reverse}.elementor-widget-image-box.elementor-position-left .elementor-image-box-wrapper{text-align:left;-webkit-box-orient:horizontal;-webkit-box-direction:normal;-ms-flex-direction:row;flex-direction:row}.elementor-widget-image-box.elementor-position-top .elementor-image-box-img{margin:auto}.elementor-widget-image-box.elementor-vertical-align-top .elementor-image-box-wrapper{-webkit-box-align:start;-ms-flex-align:start;align-items:flex-start}.elementor-widget-image-box.elementor-vertical-align-middle .elementor-image-box-wrapper{-webkit-box-align:center;-ms-flex-align:center;align-items:center}.elementor-widget-image-box.elementor-vertical-align-bottom .elementor-image-box-wrapper{-webkit-box-align:end;-ms-flex-align:end;align-items:flex-end}}@media (max-width:767px){.elementor-widget-image-box .elementor-image-box-img{margin-left:auto!important;margin-right:auto!important;margin-bottom:15px}}.elementor-widget-image-box .elementor-image-box-img{display:inline-block}.elementor-widget-image-box .elementor-image-box-title a{color:inherit}.elementor-widget-image-box .elementor-image-box-wrapper{text-align:center}.elementor-widget-image-box .elementor-image-box-description{margin:0}<\/style>\n<p><img decoding=\"async\" class=\"aligncenter\" title=\"Kontakt Silhouetten-03\" src=\"https:\/\/wismeyer.at\/wordpress\/wp-content\/uploads\/elementor\/thumbs\/Kontakt-Silhouetten-03-pxsnaw0dozkismirmxstu8ff7elrgv49e7fqy6gno0.png\" alt=\"Kontakt Silhouetten-03\" \/><\/p>\n<h2>Ing. Fritz Foerster<\/h2>\n<h3>Haustechniker<\/h3>\n<p>Herr Foerster ist seit 25 Jahren in unserem Betrieb mit f\u00fcr technische Anliegen, Reparaturen und Umbauten ect. zust\u00e4ndig.<\/p>\n<p><img decoding=\"async\" class=\"aligncenter\" title=\"Kontakt Silhouetten_Zeichenfl\u00e4che 1\" src=\"https:\/\/wismeyer.at\/wordpress\/wp-content\/uploads\/elementor\/thumbs\/Kontakt-Silhouetten_Zeichenflaeche-1-pxsnaqdcjzcsuyqyjvd2f9unn3dk6ohvdfiu2ip0pc.png\" alt=\"Kontakt Silhouetten_Zeichenfl\u00e4che 1\" \/><\/p>\n<h2>Sandra Kuzmanovic<\/h2>\n<h3>GF-Assistentin<\/h3>\n<p>Frau Kuzmanovic ist seit 2019 im Unternehmen t\u00e4tig. Sie ist hauptverantwortlich f\u00fcr\u00a0 Hausverwaltung und Vermietung.<\/p>\n<p><img decoding=\"async\" class=\"aligncenter\" title=\"Kontakt Silhouetten-02\" src=\"https:\/\/wismeyer.at\/wordpress\/wp-content\/uploads\/elementor\/thumbs\/Kontakt-Silhouetten-02-pxsnat6v4hgntsmv3eky4r51f8zntrt2dthaicku6o.png\" alt=\"Kontakt Silhouetten-02\" \/><\/p>\n<h2>Sara Stojkovic<\/h2>\n<h3>Technikassistentin<\/h3>\n<p>Frau Stojkovic ist seit 2021 f\u00fcr die Organisation unserer Reparaturen und Umbauten sowie Anliegen unserer Mieter*innen zust\u00e4ndig.<\/p>\n<ul>\n<li>Freie Wohnnungen<\/li>\n<li>H\u00e4ufig gestellte Fragen beantwortet<\/li>\n<li>Infos zu Miete und Meldungen<\/li>\n<li>Datenbl\u00e4tter zum Download<\/li>\n<\/ul>\n<p><a role=\"button\" href=\"https:\/\/wismeyer.at\/wordpress\/info\/\"><br \/>\nInfo &amp; Mehr<br \/>\n<\/a><\/p>\n","protected":false},"excerpt":{"rendered":"<p>Wismeyer Immobilien Weinzingergasse 8\/1 ,1190 Wien E-Mail: office@wismeyer.at Telefon: 01 320 92 69 Mobil (bei Besichtigungen): 0660 907 40 28 \u00d6ffnungszeiten: Mo &#8211; Do: 8:00 &#8211; 16:00\u00a0 und Fr: 8:00 &#8211; 13:00 Ein pers\u00f6nlicher Termin in unserem B\u00fcro ist nur nach vorheriger Terminvereinbarung m\u00f6glich! Kontaktieren Sie uns! Ihre Fragen und Anliegen werden so schnell wie m\u00f6glich beantwortet. Name* Haus und Topnummer f\u00fcr Mieter*innen E-Mail-Adresse* &#8230;<\/p>\n","protected":false},"author":1,"featured_media":0,"parent":0,"menu_order":0,"comment_status":"closed","ping_status":"closed","template":"page_property_design.php","meta":{"inline_featured_image":false,"_themeisle_gutenberg_block_has_review":false},"_links":{"self":[{"href":"https:\/\/wismeyer.at\/wordpress\/wp-json\/wp\/v2\/pages\/21741"}],"collection":[{"href":"https:\/\/wismeyer.at\/wordpress\/wp-json\/wp\/v2\/pages"}],"about":[{"href":"https:\/\/wismeyer.at\/wordpress\/wp-json\/wp\/v2\/types\/page"}],"author":[{"embeddable":true,"href":"https:\/\/wismeyer.at\/wordpress\/wp-json\/wp\/v2\/users\/1"}],"replies":[{"embeddable":true,"href":"https:\/\/wismeyer.at\/wordpress\/wp-json\/wp\/v2\/comments?post=21741"}],"version-history":[{"count":172,"href":"https:\/\/wismeyer.at\/wordpress\/wp-json\/wp\/v2\/pages\/21741\/revisions"}],"predecessor-version":[{"id":22297,"href":"https:\/\/wismeyer.at\/wordpress\/wp-json\/wp\/v2\/pages\/21741\/revisions\/22297"}],"wp:attachment":[{"href":"https:\/\/wismeyer.at\/wordpress\/wp-json\/wp\/v2\/media?parent=21741"}],"curies":[{"name":"wp","href":"https:\/\/api.w.org\/{rel}","templated":true}]}}